{"id":1899,"date":"2022-01-17T22:01:55","date_gmt":"2022-01-17T22:01:55","guid":{"rendered":"https:\/\/www.mosaiccavehotel.com\/?page_id=1899"},"modified":"2022-01-17T22:07:43","modified_gmt":"2022-01-17T22:07:43","slug":"kapadokya-tarihi","status":"publish","type":"page","link":"https:\/\/www.mosaiccavehotel.com\/tr\/kapadokya-tarihi\/","title":{"rendered":"Kapadokya Tarihi"},"content":{"rendered":"\t\t<div data-elementor-type=\"wp-post\" data-elementor-id=\"1899\" class=\"elementor elementor-1899\">\n\t\t\t\t\t\t<div class=\"elementor-inner\">\n\t\t\t\t<div class=\"elementor-section-wrap\">\n\t\t\t\t\t\t\t\t\t<section class=\"elementor-section elementor-top-section elementor-element elementor-element-ced8c24 elementor-section-full_width elementor-section-height-min-height elementor-section-content-bottom elementor-section-height-default elementor-section-items-middle\" data-id=\"ced8c24\" data-element_type=\"section\" data-settings=\"{&quot;background_background&quot;:&quot;classic&quot;}\">\n\t\t\t\t\t\t<div class=\"elementor-container elementor-column-gap-default\">\n\t\t\t\t\t\t\t<div class=\"elementor-row\">\n\t\t\t\t\t<div class=\"elementor-column elementor-col-100 elementor-top-column elementor-element elementor-element-a833b35\" data-id=\"a833b35\" data-element_type=\"column\">\n\t\t\t<div class=\"elementor-column-wrap\">\n\t\t\t\t\t\t\t<div class=\"elementor-widget-wrap\">\n\t\t\t\t\t\t\t\t<\/div>\n\t\t\t\t\t<\/div>\n\t\t<\/div>\n\t\t\t\t\t\t\t\t<\/div>\n\t\t\t\t\t<\/div>\n\t\t<\/section>\n\t\t\t\t<section class=\"elementor-section elementor-top-section elementor-element elementor-element-30fc436 elementor-section-boxed elementor-section-height-default elementor-section-height-default\" data-id=\"30fc436\" data-element_type=\"section\">\n\t\t\t\t\t\t<div class=\"elementor-container elementor-column-gap-default\">\n\t\t\t\t\t\t\t<div class=\"elementor-row\">\n\t\t\t\t\t<div class=\"elementor-column elementor-col-100 elementor-top-column elementor-element elementor-element-a91af59\" data-id=\"a91af59\" data-element_type=\"column\">\n\t\t\t<div class=\"elementor-column-wrap elementor-element-populated\">\n\t\t\t\t\t\t\t<div class=\"elementor-widget-wrap\">\n\t\t\t\t\t\t<div class=\"elementor-element elementor-element-e9b756e elementor-widget elementor-widget-html\" data-id=\"e9b756e\" data-element_type=\"widget\" data-widget_type=\"html.default\">\n\t\t\t\t<div class=\"elementor-widget-container\">\n\t\t\t<h1>Kapadokya Tarihi Bilgi<\/h1>\t\t<\/div>\n\t\t\t\t<\/div>\n\t\t\t\t\t\t<\/div>\n\t\t\t\t\t<\/div>\n\t\t<\/div>\n\t\t\t\t\t\t\t\t<\/div>\n\t\t\t\t\t<\/div>\n\t\t<\/section>\n\t\t\t\t<section class=\"elementor-section elementor-top-section elementor-element elementor-element-3dd9b60 elementor-section-boxed elementor-section-height-default elementor-section-height-default\" data-id=\"3dd9b60\" data-element_type=\"section\" data-settings=\"{&quot;background_background&quot;:&quot;classic&quot;}\">\n\t\t\t\t\t\t<div class=\"elementor-container elementor-column-gap-default\">\n\t\t\t\t\t\t\t<div class=\"elementor-row\">\n\t\t\t\t\t<div class=\"elementor-column elementor-col-100 elementor-top-column elementor-element elementor-element-3efb6de\" data-id=\"3efb6de\" data-element_type=\"column\">\n\t\t\t<div class=\"elementor-column-wrap elementor-element-populated\">\n\t\t\t\t\t\t\t<div class=\"elementor-widget-wrap\">\n\t\t\t\t\t\t<div class=\"elementor-element elementor-element-4147fa8 elementor-widget elementor-widget-text-editor\" data-id=\"4147fa8\" data-element_type=\"widget\" data-widget_type=\"text-editor.default\">\n\t\t\t\t<div class=\"elementor-widget-container\">\n\t\t\t\t\t\t\t\t<div class=\"elementor-text-editor elementor-clearfix\">\n\t\t\t\t<section class=\"section section-slogan avata-section-slogan fp-auto-height fp-section fp-table active fp-completely\" data-anchor=\"slogan\"><div class=\"fp-tableCell\"><div class=\"section-content-wrap\"><div class=\"container-fullwidth\"><div class=\"section-content\"><div class=\"col-md-8 col-md-offset-2 text-center\"><p>Kapadokya, ba\u015fta Nev\u015fehir, K\u0131r\u015fehir, Ni\u011fde, Aksaray ve Kayseri olmak \u00fczere ili kapsayan bir b\u00f6lgedir. Kapadokya b\u00f6lgesi 60 milyon y\u0131l \u00f6nce r\u00fczgar ve ya\u011fmurun yumu\u015fak lav ve k\u00fcl tabakalar\u0131n\u0131n Erciyes (Argeus), Hasan Da\u011f\u0131 ve G\u00fcll\u00fc Da\u011f\u0131&#8217;nda milyonlarca y\u0131l a\u015f\u0131nmas\u0131 sonucu olu\u015fmu\u015ftur.<\/p><p>Kapadokya&#8217;daki yerle\u015fim Paleolitik d\u00f6neme kadar uzanmaktad\u0131r. Hititlerin bir zamanlar ya\u015fad\u0131\u011f\u0131 topraklar, H\u0131ristiyanl\u0131\u011f\u0131n en \u00f6nemli merkezlerinden biri haline geldi. Ma\u011faralar\u0131n yumu\u015fak dokusu sayesinde tarihi a\u00e7\u0131dan \u00f6nemli izler ta\u015f\u0131yan oyma evler ve kiliseler b\u00f6lgeyi Roma \u0130mparatorlu\u011fu&#8217;ndan ka\u00e7an Hristiyanlar i\u00e7in ya\u015fanabilir k\u0131lm\u0131\u015ft\u0131r.<\/p><h3>Peri bacas\u0131<\/h3><p>Erozyon ve volkanik patlamalar gibi do\u011fa olaylar\u0131 peribacalar\u0131n\u0131 olu\u015ftururken, zamanla insanlar bu ortamda bar\u0131nak bulmu\u015flard\u0131r. \u0130nan\u0131lmaz bir tarihte bu do\u011faya freskler ve s\u00fcslemeler eklendi. Bu sayede ticarette \u0130pek Yolu&#8217;nun \u00f6nemli noktalar\u0131ndan biri haline gelmi\u015ftir.<\/p><p>Hitit \u0130mparatorlu\u011fu&#8217;nun \u00e7\u00f6k\u00fc\u015f\u00fcnden sonra Asur ve Frig uygarl\u0131klar\u0131 Hitit Krallar\u0131n\u0131n etkisiyle varl\u0131\u011f\u0131n\u0131 s\u00fcrd\u00fcrm\u00fc\u015ft\u00fcr. 12. y\u00fczy\u0131la kadar uzan\u0131r. 6. y\u00fczy\u0131lda Pers istilas\u0131na kadar devam etmi\u015ftir. Roma \u0130mparatorlu\u011fu 3. y\u00fczy\u0131la kadar uzan\u0131r. M.\u00d6. 1. y\u00fczy\u0131lda b\u00f6lge Roma&#8217;n\u0131n eline ge\u00e7mi\u015ftir.<\/p><p>H\u0131ristiyanlar\u0131n Kapadokya&#8217;ya geli\u015fi yakla\u015f\u0131k 3. y\u00fczy\u0131la kadar gitmektedir. Bask\u0131lara ra\u011fmen Kapadokya Hristiyanl\u0131\u011f\u0131n yay\u0131lmas\u0131 i\u00e7in ideal bir yerdi.<\/p><p>4. y\u00fczy\u0131lda ikonlar yasaklanmaya ba\u015flad\u0131. Bu nedenle b\u00f6lgeye ikona inanc\u0131na sahip insanlar yerle\u015fmeye ba\u015flam\u0131\u015ft\u0131r. Bu sayede Kapadokya manast\u0131rlar\u0131 geli\u015fmi\u015ftir. Bu hareket M\u00d6 726-843 y\u0131llar\u0131 aras\u0131nda devam eder. Bu d\u00f6nemde Arap ak\u0131nlar\u0131 ba\u015flad\u0131. Daha sonra 11. ve 12. y\u00fczy\u0131llarda Sel\u00e7uklular\u0131n himayesine ge\u00e7mi\u015ftir. Ard\u0131ndan Osmanl\u0131 \u0130mparatorlu\u011fu ile bar\u0131\u015f\u00e7\u0131l bir d\u00f6nem ya\u015fand\u0131. Kapadokya&#8217;daki son H\u0131ristiyanlar, 1924 ile 1926 aras\u0131ndaki m\u00fcbadele nedeniyle b\u00f6lgeyi terk ettiler.<\/p><\/div><\/div><\/div><\/div><\/div><\/section>\t\t\t\t\t<\/div>\n\t\t\t\t\t\t<\/div>\n\t\t\t\t<\/div>\n\t\t\t\t\t\t<\/div>\n\t\t\t\t\t<\/div>\n\t\t<\/div>\n\t\t\t\t\t\t\t\t<\/div>\n\t\t\t\t\t<\/div>\n\t\t<\/section>\n\t\t\t\t<section class=\"elementor-section elementor-top-section elementor-element elementor-element-48c6a92 elementor-section-boxed elementor-section-height-default elementor-section-height-default\" data-id=\"48c6a92\" data-element_type=\"section\">\n\t\t\t\t\t\t<div class=\"elementor-container elementor-column-gap-default\">\n\t\t\t\t\t\t\t<div class=\"elementor-row\">\n\t\t\t\t\t<div class=\"elementor-column elementor-col-100 elementor-top-column elementor-element elementor-element-0624512\" data-id=\"0624512\" data-element_type=\"column\">\n\t\t\t<div class=\"elementor-column-wrap elementor-element-populated\">\n\t\t\t\t\t\t\t<div class=\"elementor-widget-wrap\">\n\t\t\t\t\t\t<div class=\"elementor-element elementor-element-80dfa59 elementor-widget elementor-widget-html\" data-id=\"80dfa59\" data-element_type=\"widget\" data-widget_type=\"html.default\">\n\t\t\t\t<div class=\"elementor-widget-container\">\n\t\t\t<h2>Jeolojik a\u00e7\u0131dan <\/h2>\t\t<\/div>\n\t\t\t\t<\/div>\n\t\t\t\t\t\t<\/div>\n\t\t\t\t\t<\/div>\n\t\t<\/div>\n\t\t\t\t\t\t\t\t<\/div>\n\t\t\t\t\t<\/div>\n\t\t<\/section>\n\t\t\t\t<section class=\"elementor-section elementor-top-section elementor-element elementor-element-ef1b39a elementor-section-boxed elementor-section-height-default elementor-section-height-default\" data-id=\"ef1b39a\" data-element_type=\"section\" data-settings=\"{&quot;background_background&quot;:&quot;classic&quot;}\">\n\t\t\t\t\t\t<div class=\"elementor-container elementor-column-gap-default\">\n\t\t\t\t\t\t\t<div class=\"elementor-row\">\n\t\t\t\t\t<div class=\"elementor-column elementor-col-100 elementor-top-column elementor-element elementor-element-fde3295\" data-id=\"fde3295\" data-element_type=\"column\">\n\t\t\t<div class=\"elementor-column-wrap elementor-element-populated\">\n\t\t\t\t\t\t\t<div class=\"elementor-widget-wrap\">\n\t\t\t\t\t\t<div class=\"elementor-element elementor-element-e665a9e elementor-widget elementor-widget-text-editor\" data-id=\"e665a9e\" data-element_type=\"widget\" data-widget_type=\"text-editor.default\">\n\t\t\t\t<div class=\"elementor-widget-container\">\n\t\t\t\t\t\t\t\t<div class=\"elementor-text-editor elementor-clearfix\">\n\t\t\t\t<section class=\"section section-slogan avata-section-slogan fp-auto-height fp-section fp-table active fp-completely\" data-anchor=\"slogan\"><div class=\"fp-tableCell\"><div class=\"section-content-wrap\"><div class=\"container-fullwidth\"><div class=\"section-content\"><div class=\"col-md-8 col-md-offset-2 text-center\"><p align=\"justify\">Kapadokya b\u00f6lgesinin olu\u015fumu volkanizma, tektonizma veya erozyon nedeniyle geli\u015fmi\u015ftir. Erciyes, Hasanda\u011f\u0131 ve G\u00f6ll\u00fcda\u011f adl\u0131 \u00fc\u00e7 da\u011f 60 milyon y\u0131l \u00f6nce aktif volkanlard\u0131. Hasanda\u011f\u0131 ve Erciyes Da\u011flar\u0131 2000 y\u0131l \u00f6ncesine kadar aktif volkanlard\u0131. Plato \u00fczerinde biriken lav ve yumu\u015fak t\u00fcf tabakas\u0131 ile bu co\u011frafyan\u0131n temelini olu\u015ftururlar. Zamanla t\u00fcf tabakas\u0131n\u0131n \u00fczeri lav tabakas\u0131 ile kaplanm\u0131\u015ft\u0131r. Zamanla ya\u011fmur ve r\u00fczgarlar\u0131n neden oldu\u011fu erozyon nedeniyle kapakl\u0131 koniler yava\u015f yava\u015f olu\u015fmu\u015ftur. Bug\u00fcnk\u00fc ad\u0131 peri bacas\u0131 olarak an\u0131lmaktad\u0131r.<\/p><\/div><\/div><\/div><\/div><\/div><\/section>\t\t\t\t\t<\/div>\n\t\t\t\t\t\t<\/div>\n\t\t\t\t<\/div>\n\t\t\t\t\t\t<\/div>\n\t\t\t\t\t<\/div>\n\t\t<\/div>\n\t\t\t\t\t\t\t\t<\/div>\n\t\t\t\t\t<\/div>\n\t\t<\/section>\n\t\t\t\t\t\t\t\t\t<\/div>\n\t\t\t<\/div>\n\t\t\t\t\t<\/div>\n\t\t","protected":false},"excerpt":{"rendered":"<p>Kapadokya Tarihi Bilgi Kapadokya, ba\u015fta Nev\u015fehir, K\u0131r\u015fehir, Ni\u011fde, Aksaray ve Kayseri olmak \u00fczere ili kapsayan bir b\u00f6lgedir. Kapadokya b\u00f6lgesi 60 milyon y\u0131l \u00f6nce r\u00fczgar ve ya\u011fmurun yumu\u015fak lav ve k\u00fcl tabakalar\u0131n\u0131n Erciyes (Argeus), Hasan Da\u011f\u0131 ve G\u00fcll\u00fc Da\u011f\u0131&#8217;nda milyonlarca y\u0131l a\u015f\u0131nmas\u0131 sonucu olu\u015fmu\u015ftur. Kapadokya&#8217;daki yerle\u015fim Paleolitik d\u00f6neme kadar uzanmaktad\u0131r. Hititlerin bir zamanlar ya\u015fad\u0131\u011f\u0131 topraklar, H\u0131ristiyanl\u0131\u011f\u0131n &hellip;<\/p>\n<p class=\"read-more\"> <a class=\"\" href=\"https:\/\/www.mosaiccavehotel.com\/tr\/kapadokya-tarihi\/\"> <span class=\"screen-reader-text\">Kapadokya Tarihi<\/span> Read More \u00bb<\/a><\/p>\n","protected":false},"author":1,"featured_media":0,"parent":0,"menu_order":0,"comment_status":"closed","ping_status":"closed","template":"elementor_header_footer","meta":{"site-sidebar-layout":"default","site-content-layout":"default","ast-global-header-display":"","ast-main-header-display":"","ast-hfb-above-header-display":"","ast-hfb-below-header-display":"","ast-hfb-mobile-header-display":"","site-post-title":"","ast-breadcrumbs-content":"","ast-featured-img":"","footer-sml-layout":"","theme-transparent-header-meta":"","adv-header-id-meta":"","stick-header-meta":"","header-above-stick-meta":"","header-main-stick-meta":"","header-below-stick-meta":""},"aioseo_notices":[],"_links":{"self":[{"href":"https:\/\/www.mosaiccavehotel.com\/tr\/wp-json\/wp\/v2\/pages\/1899"}],"collection":[{"href":"https:\/\/www.mosaiccavehotel.com\/tr\/wp-json\/wp\/v2\/pages"}],"about":[{"href":"https:\/\/www.mosaiccavehotel.com\/tr\/wp-json\/wp\/v2\/types\/page"}],"author":[{"embeddable":true,"href":"https:\/\/www.mosaiccavehotel.com\/tr\/wp-json\/wp\/v2\/users\/1"}],"replies":[{"embeddable":true,"href":"https:\/\/www.mosaiccavehotel.com\/tr\/wp-json\/wp\/v2\/comments?post=1899"}],"version-history":[{"count":0,"href":"https:\/\/www.mosaiccavehotel.com\/tr\/wp-json\/wp\/v2\/pages\/1899\/revisions"}],"wp:attachment":[{"href":"https:\/\/www.mosaiccavehotel.com\/tr\/wp-json\/wp\/v2\/media?parent=1899"}],"curies":[{"name":"wp","href":"https:\/\/api.w.org\/{rel}","templated":true}]}}