{"id":1515,"date":"2022-01-14T11:48:49","date_gmt":"2022-01-14T11:48:49","guid":{"rendered":"https:\/\/www.mosaiccavehotel.com\/?page_id=1515"},"modified":"2022-01-24T00:37:03","modified_gmt":"2022-01-24T00:37:03","slug":"hakkimizda","status":"publish","type":"page","link":"https:\/\/www.mosaiccavehotel.com\/tr\/hakkimizda\/","title":{"rendered":"Hakk\u0131m\u0131zda"},"content":{"rendered":"\t\t<div data-elementor-type=\"wp-post\" data-elementor-id=\"1515\" class=\"elementor elementor-1515\">\n\t\t\t\t\t\t<div class=\"elementor-inner\">\n\t\t\t\t<div class=\"elementor-section-wrap\">\n\t\t\t\t\t\t\t\t\t<section class=\"elementor-section elementor-top-section elementor-element elementor-element-cabb76f elementor-section-full_width elementor-section-height-min-height elementor-section-content-bottom elementor-section-height-default elementor-section-items-middle\" data-id=\"cabb76f\" data-element_type=\"section\" data-settings=\"{&quot;background_background&quot;:&quot;classic&quot;}\">\n\t\t\t\t\t\t<div class=\"elementor-container elementor-column-gap-default\">\n\t\t\t\t\t\t\t<div class=\"elementor-row\">\n\t\t\t\t\t<div class=\"elementor-column elementor-col-100 elementor-top-column elementor-element elementor-element-a7e767f\" data-id=\"a7e767f\" data-element_type=\"column\">\n\t\t\t<div class=\"elementor-column-wrap\">\n\t\t\t\t\t\t\t<div class=\"elementor-widget-wrap\">\n\t\t\t\t\t\t\t\t<\/div>\n\t\t\t\t\t<\/div>\n\t\t<\/div>\n\t\t\t\t\t\t\t\t<\/div>\n\t\t\t\t\t<\/div>\n\t\t<\/section>\n\t\t\t\t<section class=\"elementor-section elementor-top-section elementor-element elementor-element-9fe7f27 elementor-section-boxed elementor-section-height-default elementor-section-height-default\" data-id=\"9fe7f27\" data-element_type=\"section\">\n\t\t\t\t\t\t<div class=\"elementor-container elementor-column-gap-default\">\n\t\t\t\t\t\t\t<div class=\"elementor-row\">\n\t\t\t\t\t<div class=\"elementor-column elementor-col-100 elementor-top-column elementor-element elementor-element-37caf40\" data-id=\"37caf40\" data-element_type=\"column\">\n\t\t\t<div class=\"elementor-column-wrap elementor-element-populated\">\n\t\t\t\t\t\t\t<div class=\"elementor-widget-wrap\">\n\t\t\t\t\t\t<div class=\"elementor-element elementor-element-87daf03 elementor-widget elementor-widget-html\" data-id=\"87daf03\" data-element_type=\"widget\" data-widget_type=\"html.default\">\n\t\t\t\t<div class=\"elementor-widget-container\">\n\t\t\t<h1>Hakk\u0131m\u0131zda<\/h1>\t\t<\/div>\n\t\t\t\t<\/div>\n\t\t\t\t\t\t<\/div>\n\t\t\t\t\t<\/div>\n\t\t<\/div>\n\t\t\t\t\t\t\t\t<\/div>\n\t\t\t\t\t<\/div>\n\t\t<\/section>\n\t\t\t\t<section class=\"elementor-section elementor-top-section elementor-element elementor-element-9976867 elementor-section-boxed elementor-section-height-default elementor-section-height-default\" data-id=\"9976867\" data-element_type=\"section\" data-settings=\"{&quot;background_background&quot;:&quot;classic&quot;}\">\n\t\t\t\t\t\t<div class=\"elementor-container elementor-column-gap-default\">\n\t\t\t\t\t\t\t<div class=\"elementor-row\">\n\t\t\t\t\t<div class=\"elementor-column elementor-col-66 elementor-top-column elementor-element elementor-element-d11eeb1\" data-id=\"d11eeb1\" data-element_type=\"column\">\n\t\t\t<div class=\"elementor-column-wrap elementor-element-populated\">\n\t\t\t\t\t\t\t<div class=\"elementor-widget-wrap\">\n\t\t\t\t\t\t<div class=\"elementor-element elementor-element-8d2ccac elementor-widget elementor-widget-text-editor\" data-id=\"8d2ccac\" data-element_type=\"widget\" data-widget_type=\"text-editor.default\">\n\t\t\t\t<div class=\"elementor-widget-container\">\n\t\t\t\t\t\t\t\t<div class=\"elementor-text-editor elementor-clearfix\">\n\t\t\t\t<section class=\"section section-slogan avata-section-slogan fp-auto-height fp-section fp-table active fp-completely\" data-anchor=\"slogan\"><div class=\"fp-tableCell\"><div class=\"section-content-wrap\"><div class=\"container-fullwidth\"><div class=\"section-content\"><div class=\"col-md-8 col-md-offset-2 text-center\"><p>Mosaic Cave Hotel \u00dcrg\u00fcp&#8217;e 8 km, Nev\u015fehir&#8217;e ise 10 km uzakl\u0131kta olup, G\u00f6reme Otogar\u0131&#8217;ndan \u00fccretsiz kar\u015f\u0131lama hizmeti vermektedir. En yak\u0131n havaalan\u0131 olan Nev\u015fehir Havaalan\u0131 41 km mesafededir. Tesis Nev\u015fehir Havaalan\u0131&#8217;na ve Kayseri Erkilet Havaalan\u0131&#8217;na ek \u00fccret kar\u015f\u0131l\u0131\u011f\u0131nda servis sa\u011flamaktad\u0131r. Konforunuz i\u00e7in 24 saat a\u00e7\u0131k resepsiyon mevcuttur. Konaklaman\u0131z boyunca b\u00f6lgede d\u00fczenlenen turlara kat\u0131labilir, s\u0131cak hava balonuna binebilirsiniz. Otelde talep \u00fczerine ve ilave \u00fccret kar\u015f\u0131l\u0131\u011f\u0131nda T\u00fcrk geceleri, geleneksel sema g\u00f6sterisi, binicilik faaliyetleri ve atv (off road) turlar\u0131 d\u00fczenlenmektedir.<\/p><p>Her sabah terasta, muhte\u015fem g\u00fcn do\u011fumu e\u015fli\u011finde zengin bir kahvalt\u0131 b\u00fcfesi servis edilmektedir. Konuklar, vadinin \u00fczerinde y\u00fckselen s\u0131cak hava balonlar\u0131n\u0131n manzaras\u0131n\u0131 seyredebilir<\/p><\/div><\/div><\/div><\/div><\/div><\/section>\t\t\t\t\t<\/div>\n\t\t\t\t\t\t<\/div>\n\t\t\t\t<\/div>\n\t\t\t\t\t\t<\/div>\n\t\t\t\t\t<\/div>\n\t\t<\/div>\n\t\t\t\t<div class=\"elementor-column elementor-col-33 elementor-top-column elementor-element elementor-element-c9cb687\" data-id=\"c9cb687\" data-element_type=\"column\">\n\t\t\t<div class=\"elementor-column-wrap elementor-element-populated\">\n\t\t\t\t\t\t\t<div class=\"elementor-widget-wrap\">\n\t\t\t\t\t\t<div class=\"elementor-element elementor-element-d23f638 elementor-widget elementor-widget-text-editor\" data-id=\"d23f638\" data-element_type=\"widget\" data-widget_type=\"text-editor.default\">\n\t\t\t\t<div class=\"elementor-widget-container\">\n\t\t\t\t\t\t\t\t<div class=\"elementor-text-editor elementor-clearfix\">\n\t\t\t\t<center><div id=\"TA_selfserveprop352\" class=\"TA_selfserveprop\"><ul id=\"SFRvKqCjsc8m\" class=\"TA_links GXvCY4KSoQy\"><li id=\"v51NF2aQUMG\" class=\"0zfhUQ7hTXn\"><a href=\"https:\/\/www.tripadvisor.com\/\" target=\"_blank\" rel=\"noopener\"><img decoding=\"async\" src=\"https:\/\/www.tripadvisor.com\/img\/cdsi\/img2\/branding\/150_logo-11900-2.png\" alt=\"TripAdvisor\" \/><\/a><\/li><\/ul><\/div><p><script async=\"\" src=\"https:\/\/www.jscache.com\/wejs?wtype=selfserveprop&amp;uniq=352&amp;locationId=13415653&amp;lang=en_US&amp;rating=true&amp;nreviews=4&amp;writereviewlink=true&amp;popIdx=true&amp;iswide=true&amp;border=false&amp;display_version=2\" data-loadtrk=\"\" onload=\"this.loadtrk=true\"><\/script><\/p><\/center><p>\u00a0<\/p>\t\t\t\t\t<\/div>\n\t\t\t\t\t\t<\/div>\n\t\t\t\t<\/div>\n\t\t\t\t\t\t<\/div>\n\t\t\t\t\t<\/div>\n\t\t<\/div>\n\t\t\t\t\t\t\t\t<\/div>\n\t\t\t\t\t<\/div>\n\t\t<\/section>\n\t\t\t\t<section class=\"elementor-section elementor-top-section elementor-element elementor-element-4d763df elementor-section-full_width elementor-section-height-min-height elementor-section-height-default elementor-section-items-middle\" data-id=\"4d763df\" data-element_type=\"section\" data-settings=\"{&quot;background_background&quot;:&quot;classic&quot;}\">\n\t\t\t\t\t\t\t<div class=\"elementor-background-overlay\"><\/div>\n\t\t\t\t\t\t\t<div class=\"elementor-container elementor-column-gap-default\">\n\t\t\t\t\t\t\t<div class=\"elementor-row\">\n\t\t\t\t\t<div class=\"elementor-column elementor-col-100 elementor-top-column elementor-element elementor-element-727185c\" data-id=\"727185c\" data-element_type=\"column\" data-settings=\"{&quot;background_background&quot;:&quot;classic&quot;}\">\n\t\t\t<div class=\"elementor-column-wrap elementor-element-populated\">\n\t\t\t\t\t\t\t<div class=\"elementor-widget-wrap\">\n\t\t\t\t\t\t<div class=\"elementor-element elementor-element-5f3b02c elementor-widget elementor-widget-html\" data-id=\"5f3b02c\" data-element_type=\"widget\" data-widget_type=\"html.default\">\n\t\t\t\t<div class=\"elementor-widget-container\">\n\t\t\t<h4><center>Kapadokya tarihi ile ilgileniyorsan\u0131z, sizler i\u00e7in baz\u0131 bilgiler sunar\u0131z.<\/center><\/h4>\t\t<\/div>\n\t\t\t\t<\/div>\n\t\t\t\t<div class=\"elementor-element elementor-element-5bde5ee elementor-button-success elementor-align-center elementor-widget elementor-widget-button\" data-id=\"5bde5ee\" data-element_type=\"widget\" data-widget_type=\"button.default\">\n\t\t\t\t<div class=\"elementor-widget-container\">\n\t\t\t\t\t<div class=\"elementor-button-wrapper\">\n\t\t\t<a href=\"http:\/\/www.mosaiccavehotel.com\/cappadocia-history\/\" class=\"elementor-button-link elementor-button elementor-size-md\" role=\"button\">\n\t\t\t\t\t\t<span class=\"elementor-button-content-wrapper\">\n\t\t\t\t\t\t<span class=\"elementor-button-text\">Kapadokya Tarihini \u00d6\u011frenin<\/span>\n\t\t<\/span>\n\t\t\t\t\t<\/a>\n\t\t<\/div>\n\t\t\t\t<\/div>\n\t\t\t\t<\/div>\n\t\t\t\t\t\t<\/div>\n\t\t\t\t\t<\/div>\n\t\t<\/div>\n\t\t\t\t\t\t\t\t<\/div>\n\t\t\t\t\t<\/div>\n\t\t<\/section>\n\t\t\t\t\t\t\t\t\t<\/div>\n\t\t\t<\/div>\n\t\t\t\t\t<\/div>\n\t\t","protected":false},"excerpt":{"rendered":"<p>Hakk\u0131m\u0131zda Mosaic Cave Hotel \u00dcrg\u00fcp&#8217;e 8 km, Nev\u015fehir&#8217;e ise 10 km uzakl\u0131kta olup, G\u00f6reme Otogar\u0131&#8217;ndan \u00fccretsiz kar\u015f\u0131lama hizmeti vermektedir. En yak\u0131n havaalan\u0131 olan Nev\u015fehir Havaalan\u0131 41 km mesafededir. Tesis Nev\u015fehir Havaalan\u0131&#8217;na ve Kayseri Erkilet Havaalan\u0131&#8217;na ek \u00fccret kar\u015f\u0131l\u0131\u011f\u0131nda servis sa\u011flamaktad\u0131r. Konforunuz i\u00e7in 24 saat a\u00e7\u0131k resepsiyon mevcuttur. Konaklaman\u0131z boyunca b\u00f6lgede d\u00fczenlenen turlara kat\u0131labilir, s\u0131cak hava &hellip;<\/p>\n<p class=\"read-more\"> <a class=\"\" href=\"https:\/\/www.mosaiccavehotel.com\/tr\/hakkimizda\/\"> <span class=\"screen-reader-text\">Hakk\u0131m\u0131zda<\/span> Read More \u00bb<\/a><\/p>\n","protected":false},"author":1,"featured_media":0,"parent":0,"menu_order":0,"comment_status":"closed","ping_status":"closed","template":"elementor_header_footer","meta":{"site-sidebar-layout":"default","site-content-layout":"default","ast-global-header-display":"","ast-main-header-display":"","ast-hfb-above-header-display":"","ast-hfb-below-header-display":"","ast-hfb-mobile-header-display":"","site-post-title":"","ast-breadcrumbs-content":"","ast-featured-img":"","footer-sml-layout":"","theme-transparent-header-meta":"","adv-header-id-meta":"","stick-header-meta":"","header-above-stick-meta":"","header-main-stick-meta":"","header-below-stick-meta":""},"aioseo_notices":[],"_links":{"self":[{"href":"https:\/\/www.mosaiccavehotel.com\/tr\/wp-json\/wp\/v2\/pages\/1515"}],"collection":[{"href":"https:\/\/www.mosaiccavehotel.com\/tr\/wp-json\/wp\/v2\/pages"}],"about":[{"href":"https:\/\/www.mosaiccavehotel.com\/tr\/wp-json\/wp\/v2\/types\/page"}],"author":[{"embeddable":true,"href":"https:\/\/www.mosaiccavehotel.com\/tr\/wp-json\/wp\/v2\/users\/1"}],"replies":[{"embeddable":true,"href":"https:\/\/www.mosaiccavehotel.com\/tr\/wp-json\/wp\/v2\/comments?post=1515"}],"version-history":[{"count":0,"href":"https:\/\/www.mosaiccavehotel.com\/tr\/wp-json\/wp\/v2\/pages\/1515\/revisions"}],"wp:attachment":[{"href":"https:\/\/www.mosaiccavehotel.com\/tr\/wp-json\/wp\/v2\/media?parent=1515"}],"curies":[{"name":"wp","href":"https:\/\/api.w.org\/{rel}","templated":true}]}}